{"id":39,"date":"2024-10-03T11:44:15","date_gmt":"2024-10-03T11:44:15","guid":{"rendered":"https:\/\/requiem.rs\/?page_id=39"},"modified":"2024-10-03T12:15:37","modified_gmt":"2024-10-03T12:15:37","slug":"home","status":"publish","type":"page","link":"https:\/\/requiem.rs\/","title":{"rendered":"Pogrebna oprema &#8211; Requiem"},"content":{"rendered":"\t\t<div data-elementor-type=\"wp-page\" data-elementor-id=\"39\" class=\"elementor elementor-39\">\n\t\t\t\t<div class=\"elementor-element elementor-element-b89445f e-flex e-con-boxed e-con e-parent\" data-id=\"b89445f\" data-element_type=\"container\" data-e-type=\"container\">\n\t\t\t\t\t<div class=\"e-con-inner\">\n\t\t\t\t<div class=\"elementor-element elementor-element-decddd6 elementor-widget elementor-widget-spacer\" data-id=\"decddd6\" data-element_type=\"widget\" data-e-type=\"widget\" data-widget_type=\"spacer.default\">\n\t\t\t\t<div class=\"elementor-widget-container\">\n\t\t\t\t\t\t\t<div class=\"elementor-spacer\">\n\t\t\t<div class=\"elementor-spacer-inner\"><\/div>\n\t\t<\/div>\n\t\t\t\t\t\t<\/div>\n\t\t\t\t<\/div>\n\t\t\t\t<div class=\"elementor-element elementor-element-73a63f9 elementor-widget elementor-widget-image\" data-id=\"73a63f9\" data-element_type=\"widget\" data-e-type=\"widget\" data-widget_type=\"image.default\">\n\t\t\t\t<div class=\"elementor-widget-container\">\n\t\t\t\t\t\t\t\t\t\t\t\t\t\t\t\t<a href=\"#\">\n\t\t\t\t\t\t\t<img fetchpriority=\"high\" decoding=\"async\" width=\"300\" height=\"329\" src=\"https:\/\/requiem.rs\/wp-content\/uploads\/2022\/02\/logo2-e1644589960529.png\" class=\"attachment-large size-large wp-image-6\" alt=\"\" \/>\t\t\t\t\t\t\t\t<\/a>\n\t\t\t\t\t\t\t\t\t\t\t\t\t\t\t<\/div>\n\t\t\t\t<\/div>\n\t\t\t\t<div class=\"elementor-element elementor-element-408f70b elementor-widget elementor-widget-spacer\" data-id=\"408f70b\" data-element_type=\"widget\" data-e-type=\"widget\" data-widget_type=\"spacer.default\">\n\t\t\t\t<div class=\"elementor-widget-container\">\n\t\t\t\t\t\t\t<div class=\"elementor-spacer\">\n\t\t\t<div class=\"elementor-spacer-inner\"><\/div>\n\t\t<\/div>\n\t\t\t\t\t\t<\/div>\n\t\t\t\t<\/div>\n\t\t\t\t<div class=\"elementor-element elementor-element-f35ed1d elementor-widget elementor-widget-heading\" data-id=\"f35ed1d\" data-element_type=\"widget\" data-e-type=\"widget\" data-widget_type=\"heading.default\">\n\t\t\t\t<div class=\"elementor-widget-container\">\n\t\t\t\t\t<h2 class=\"elementor-heading-title elementor-size-default\">Dozvolite da Vam budemo od pomo\u0107i<\/h2>\t\t\t\t<\/div>\n\t\t\t\t<\/div>\n\t\t\t\t<div class=\"elementor-element elementor-element-b129e9f elementor-widget elementor-widget-spacer\" data-id=\"b129e9f\" data-element_type=\"widget\" data-e-type=\"widget\" data-widget_type=\"spacer.default\">\n\t\t\t\t<div class=\"elementor-widget-container\">\n\t\t\t\t\t\t\t<div class=\"elementor-spacer\">\n\t\t\t<div class=\"elementor-spacer-inner\"><\/div>\n\t\t<\/div>\n\t\t\t\t\t\t<\/div>\n\t\t\t\t<\/div>\n\t\t\t\t<div class=\"elementor-element elementor-element-80e06be elementor-widget elementor-widget-text-editor\" data-id=\"80e06be\" data-element_type=\"widget\" data-e-type=\"widget\" data-widget_type=\"text-editor.default\">\n\t\t\t\t<div class=\"elementor-widget-container\">\n\t\t\t\t\t\t\t\t\t<div id=\"p7ef8k\" class=\"sp-css-target sp-text-wrapper sp-el-block sp-text-wrapper-p7ef8k mce-content-body html4-captions\"><p style=\"text-align: left;\">Pogrebno REQUIEM nalazi su u Ba\u010dkom Petrovcu u ulici Kuzmanjova br.23 na samo 24km od Novog Sada u pravcu Rumenke. Sad sa poslovanjem i iskustvom dugim \u010detvrt veka, ta\u010dnije 1988. godine osnovana je mala firma s.z.t.r. REQUIEM koja se od tada bavi delatno\u0161\u0107u veleprodaje i maloprodaje pogrebne opreme, prevoza pokojnika, koja je svojim uslugama uvek dostupna za Vas od 00 od 24h u svakom \u010dasu.<\/p><p>Pored standradnih usluga prevoza pokojnika kod nas mo\u017eete naru\u010diti i svu prate\u0107u pogrebnu opremu.<br \/>Radimo kompletnu pogrebnu opreme od topole, hrasta , bukve u vi\u0161e stilskih modela.<\/p><p><strong>Usluge koje pru\u017eamo su:<\/strong><br \/>&#8211; Prevoz pokojnika po celoj Evropi<br \/>&#8211; Zakazivanja sahrana i kremiranja pokojnika (spaljivanje posmrtnih ostataka)<br \/>&#8211; Sre\u0111ivanje kompletne dokumentacije za prevoz pokojnika u inostranstvu po celoj Evropi koju obavljamo BESPLATNO<br \/>&#8211; Cinkovanje limenih sanduka u inostranstvu obavljamo tako\u0111e\u00a0<strong>BESPLATNO<\/strong><br \/>&#8211; Eskumacija Va\u0161ih dragih preminulih sa Kosova i Metohije kao i na teritoriji cele Evrope<br \/>&#8211; Pripremamo kompletnu dokumentaciju potrebnu za refundaciju troskova od osiguranja pokojnika.<\/p><p>Pogrebno preduze\u0107e\u00a0<strong>REQUIEM<\/strong>\u00a0mo\u017ee se okarakterisati kao mesto na kom ste u mogu\u0107nosti da Vam pru\u017eimo uslugu organizaciju kompletnog pogreba sa uslugama prevoza pokojnika, organizovanja da\u0107e i tu\u017enog skupa, nabavka i izrada pogrebne opreme, pripremanje sve potrebne dokumentacije za ukop pokojnika kao i prenos osiguranja ili penzionih primanja na naslednik.<\/p><\/div><div id=\"sp-sdzdb5\" class=\"sp-css-target sp-text-wrapper sp-el-block sp-text-wrapper-sdzdb5\"><ul class=\"contact-info\"><li style=\"text-align: center;\"><i class=\"fa fa-map-marker\"><\/i>\u00a0 Kuzmanjova 23<\/li><li style=\"text-align: center;\"><i class=\"fa fa-phone\">\u00a0<\/i><a href=\"tel:+38162210671\">\u00a0+381 62 210 671<\/a><\/li><li style=\"text-align: center;\"><i class=\"fa fa-phone\">\u00a0<\/i>\u00a0<a href=\"tel:+38162210672\">+381 62 210 672<\/a><\/li><li style=\"text-align: center;\"><i class=\"fa fa-phone\">\u00a0<\/i>\u00a0<a href=\"tel:+38121782606\">+381 21 782 606<\/a><\/li><\/ul><\/div>\t\t\t\t\t\t\t\t<\/div>\n\t\t\t\t<\/div>\n\t\t<div class=\"elementor-element elementor-element-2c5a3e3 e-con-full e-grid e-con e-child\" data-id=\"2c5a3e3\" data-element_type=\"container\" data-e-type=\"container\">\n\t\t\t\t<div class=\"elementor-element elementor-element-9fdb46d elementor-widget elementor-widget-spacer\" data-id=\"9fdb46d\" data-element_type=\"widget\" data-e-type=\"widget\" data-widget_type=\"spacer.default\">\n\t\t\t\t<div class=\"elementor-widget-container\">\n\t\t\t\t\t\t\t<div class=\"elementor-spacer\">\n\t\t\t<div class=\"elementor-spacer-inner\"><\/div>\n\t\t<\/div>\n\t\t\t\t\t\t<\/div>\n\t\t\t\t<\/div>\n\t\t\t\t<div class=\"elementor-element elementor-element-ff38d0a elementor-widget elementor-widget-html\" data-id=\"ff38d0a\" data-element_type=\"widget\" data-e-type=\"widget\" data-widget_type=\"html.default\">\n\t\t\t\t<div class=\"elementor-widget-container\">\n\t\t\t\t\t<div class=\"fb-page\" data-href=\"https:\/\/www.facebook.com\/pogrebna.oprema.requiem\" data-tabs=\"timeline\" data-width=\"\" data-height=\"\" data-small-header=\"false\" data-adapt-container-width=\"true\" data-hide-cover=\"false\" data-show-facepile=\"true\"><blockquote cite=\"https:\/\/www.facebook.com\/pogrebna.oprema.requiem\" class=\"fb-xfbml-parse-ignore\"><a href=\"https:\/\/www.facebook.com\/pogrebna.oprema.requiem\">Sztr Requiem<\/a><\/blockquote><\/div>\t\t\t\t<\/div>\n\t\t\t\t<\/div>\n\t\t\t\t<div class=\"elementor-element elementor-element-a6de893 elementor-widget elementor-widget-spacer\" data-id=\"a6de893\" data-element_type=\"widget\" data-e-type=\"widget\" data-widget_type=\"spacer.default\">\n\t\t\t\t<div class=\"elementor-widget-container\">\n\t\t\t\t\t\t\t<div class=\"elementor-spacer\">\n\t\t\t<div class=\"elementor-spacer-inner\"><\/div>\n\t\t<\/div>\n\t\t\t\t\t\t<\/div>\n\t\t\t\t<\/div>\n\t\t\t\t<\/div>\n\t\t\t\t\t<\/div>\n\t\t\t\t<\/div>\n\t\t\t\t<\/div>\n\t\t","protected":false},"excerpt":{"rendered":"<p>Dozvolite da Vam budemo od pomo\u0107i Pogrebno REQUIEM nalazi su u Ba\u010dkom Petrovcu u ulici Kuzmanjova br.23 na samo 24km od Novog Sada u pravcu Rumenke. Sad sa poslovanjem i iskustvom dugim \u010detvrt veka, ta\u010dnije 1988. godine osnovana je mala firma s.z.t.r. REQUIEM koja se od tada bavi delatno\u0161\u0107u veleprodaje i maloprodaje pogrebne opreme, prevoza [&hellip;]<\/p>\n","protected":false},"author":1,"featured_media":0,"parent":0,"menu_order":0,"comment_status":"closed","ping_status":"closed","template":"","meta":{"footnotes":""},"class_list":["post-39","page","type-page","status-publish","hentry"],"yoast_head":"<!-- This site is optimized with the Yoast SEO plugin v27.5 - https:\/\/yoast.com\/product\/yoast-seo-wordpress\/ -->\n<title>Pogrebna oprema - Requiem - Requiem - Pogrebna oprema<\/title>\n<meta name=\"robots\" content=\"index, follow, max-snippet:-1, max-image-preview:large, max-video-preview:-1\" \/>\n<link rel=\"canonical\" href=\"https:\/\/requiem.rs\/\" \/>\n<meta property=\"og:locale\" content=\"en_US\" \/>\n<meta property=\"og:type\" content=\"article\" \/>\n<meta property=\"og:title\" content=\"Pogrebna oprema - Requiem - Requiem - Pogrebna oprema\" \/>\n<meta property=\"og:description\" content=\"Dozvolite da Vam budemo od pomo\u0107i Pogrebno REQUIEM nalazi su u Ba\u010dkom Petrovcu u ulici Kuzmanjova br.23 na samo 24km od Novog Sada u pravcu Rumenke. Sad sa poslovanjem i iskustvom dugim \u010detvrt veka, ta\u010dnije 1988. godine osnovana je mala firma s.z.t.r. REQUIEM koja se od tada bavi delatno\u0161\u0107u veleprodaje i maloprodaje pogrebne opreme, prevoza [&hellip;]\" \/>\n<meta property=\"og:url\" content=\"https:\/\/requiem.rs\/\" \/>\n<meta property=\"og:site_name\" content=\"Requiem - Pogrebna oprema\" \/>\n<meta property=\"article:modified_time\" content=\"2024-10-03T12:15:37+00:00\" \/>\n<meta property=\"og:image\" content=\"https:\/\/requiem.rs\/wp-content\/uploads\/2022\/02\/logo2-e1644589960529.png\" \/>\n<meta name=\"twitter:card\" content=\"summary_large_image\" \/>\n<meta name=\"twitter:label1\" content=\"Est. reading time\" \/>\n\t<meta name=\"twitter:data1\" content=\"2 minutes\" \/>\n<script type=\"application\/ld+json\" class=\"yoast-schema-graph\">{\"@context\":\"https:\\\/\\\/schema.org\",\"@graph\":[{\"@type\":\"WebPage\",\"@id\":\"https:\\\/\\\/requiem.rs\\\/\",\"url\":\"https:\\\/\\\/requiem.rs\\\/\",\"name\":\"Pogrebna oprema - Requiem - Requiem - Pogrebna oprema\",\"isPartOf\":{\"@id\":\"https:\\\/\\\/requiem.rs\\\/#website\"},\"primaryImageOfPage\":{\"@id\":\"https:\\\/\\\/requiem.rs\\\/#primaryimage\"},\"image\":{\"@id\":\"https:\\\/\\\/requiem.rs\\\/#primaryimage\"},\"thumbnailUrl\":\"https:\\\/\\\/requiem.rs\\\/wp-content\\\/uploads\\\/2022\\\/02\\\/logo2-e1644589960529.png\",\"datePublished\":\"2024-10-03T11:44:15+00:00\",\"dateModified\":\"2024-10-03T12:15:37+00:00\",\"breadcrumb\":{\"@id\":\"https:\\\/\\\/requiem.rs\\\/#breadcrumb\"},\"inLanguage\":\"en-US\",\"potentialAction\":[{\"@type\":\"ReadAction\",\"target\":[\"https:\\\/\\\/requiem.rs\\\/\"]}]},{\"@type\":\"ImageObject\",\"inLanguage\":\"en-US\",\"@id\":\"https:\\\/\\\/requiem.rs\\\/#primaryimage\",\"url\":\"https:\\\/\\\/requiem.rs\\\/wp-content\\\/uploads\\\/2022\\\/02\\\/logo2-e1644589960529.png\",\"contentUrl\":\"https:\\\/\\\/requiem.rs\\\/wp-content\\\/uploads\\\/2022\\\/02\\\/logo2-e1644589960529.png\",\"width\":300,\"height\":329},{\"@type\":\"BreadcrumbList\",\"@id\":\"https:\\\/\\\/requiem.rs\\\/#breadcrumb\",\"itemListElement\":[{\"@type\":\"ListItem\",\"position\":1,\"name\":\"Home\",\"item\":\"https:\\\/\\\/requiem.rs\\\/\"},{\"@type\":\"ListItem\",\"position\":2,\"name\":\"Pogrebna oprema &#8211; Requiem\"}]},{\"@type\":\"WebSite\",\"@id\":\"https:\\\/\\\/requiem.rs\\\/#website\",\"url\":\"https:\\\/\\\/requiem.rs\\\/\",\"name\":\"Requiem - Pogrebna oprema\",\"description\":\"Just another WordPress site\",\"potentialAction\":[{\"@type\":\"SearchAction\",\"target\":{\"@type\":\"EntryPoint\",\"urlTemplate\":\"https:\\\/\\\/requiem.rs\\\/?s={search_term_string}\"},\"query-input\":{\"@type\":\"PropertyValueSpecification\",\"valueRequired\":true,\"valueName\":\"search_term_string\"}}],\"inLanguage\":\"en-US\"}]}<\/script>\n<!-- \/ Yoast SEO plugin. -->","yoast_head_json":{"title":"Pogrebna oprema - Requiem - Requiem - Pogrebna oprema","robots":{"index":"index","follow":"follow","max-snippet":"max-snippet:-1","max-image-preview":"max-image-preview:large","max-video-preview":"max-video-preview:-1"},"canonical":"https:\/\/requiem.rs\/","og_locale":"en_US","og_type":"article","og_title":"Pogrebna oprema - Requiem - Requiem - Pogrebna oprema","og_description":"Dozvolite da Vam budemo od pomo\u0107i Pogrebno REQUIEM nalazi su u Ba\u010dkom Petrovcu u ulici Kuzmanjova br.23 na samo 24km od Novog Sada u pravcu Rumenke. Sad sa poslovanjem i iskustvom dugim \u010detvrt veka, ta\u010dnije 1988. godine osnovana je mala firma s.z.t.r. REQUIEM koja se od tada bavi delatno\u0161\u0107u veleprodaje i maloprodaje pogrebne opreme, prevoza [&hellip;]","og_url":"https:\/\/requiem.rs\/","og_site_name":"Requiem - Pogrebna oprema","article_modified_time":"2024-10-03T12:15:37+00:00","og_image":[{"url":"https:\/\/requiem.rs\/wp-content\/uploads\/2022\/02\/logo2-e1644589960529.png","type":"","width":"","height":""}],"twitter_card":"summary_large_image","twitter_misc":{"Est. reading time":"2 minutes"},"schema":{"@context":"https:\/\/schema.org","@graph":[{"@type":"WebPage","@id":"https:\/\/requiem.rs\/","url":"https:\/\/requiem.rs\/","name":"Pogrebna oprema - Requiem - Requiem - Pogrebna oprema","isPartOf":{"@id":"https:\/\/requiem.rs\/#website"},"primaryImageOfPage":{"@id":"https:\/\/requiem.rs\/#primaryimage"},"image":{"@id":"https:\/\/requiem.rs\/#primaryimage"},"thumbnailUrl":"https:\/\/requiem.rs\/wp-content\/uploads\/2022\/02\/logo2-e1644589960529.png","datePublished":"2024-10-03T11:44:15+00:00","dateModified":"2024-10-03T12:15:37+00:00","breadcrumb":{"@id":"https:\/\/requiem.rs\/#breadcrumb"},"inLanguage":"en-US","potentialAction":[{"@type":"ReadAction","target":["https:\/\/requiem.rs\/"]}]},{"@type":"ImageObject","inLanguage":"en-US","@id":"https:\/\/requiem.rs\/#primaryimage","url":"https:\/\/requiem.rs\/wp-content\/uploads\/2022\/02\/logo2-e1644589960529.png","contentUrl":"https:\/\/requiem.rs\/wp-content\/uploads\/2022\/02\/logo2-e1644589960529.png","width":300,"height":329},{"@type":"BreadcrumbList","@id":"https:\/\/requiem.rs\/#breadcrumb","itemListElement":[{"@type":"ListItem","position":1,"name":"Home","item":"https:\/\/requiem.rs\/"},{"@type":"ListItem","position":2,"name":"Pogrebna oprema &#8211; Requiem"}]},{"@type":"WebSite","@id":"https:\/\/requiem.rs\/#website","url":"https:\/\/requiem.rs\/","name":"Requiem - Pogrebna oprema","description":"Just another WordPress site","potentialAction":[{"@type":"SearchAction","target":{"@type":"EntryPoint","urlTemplate":"https:\/\/requiem.rs\/?s={search_term_string}"},"query-input":{"@type":"PropertyValueSpecification","valueRequired":true,"valueName":"search_term_string"}}],"inLanguage":"en-US"}]}},"_links":{"self":[{"href":"https:\/\/requiem.rs\/index.php\/wp-json\/wp\/v2\/pages\/39","targetHints":{"allow":["GET"]}}],"collection":[{"href":"https:\/\/requiem.rs\/index.php\/wp-json\/wp\/v2\/pages"}],"about":[{"href":"https:\/\/requiem.rs\/index.php\/wp-json\/wp\/v2\/types\/page"}],"author":[{"embeddable":true,"href":"https:\/\/requiem.rs\/index.php\/wp-json\/wp\/v2\/users\/1"}],"replies":[{"embeddable":true,"href":"https:\/\/requiem.rs\/index.php\/wp-json\/wp\/v2\/comments?post=39"}],"version-history":[{"count":33,"href":"https:\/\/requiem.rs\/index.php\/wp-json\/wp\/v2\/pages\/39\/revisions"}],"predecessor-version":[{"id":82,"href":"https:\/\/requiem.rs\/index.php\/wp-json\/wp\/v2\/pages\/39\/revisions\/82"}],"wp:attachment":[{"href":"https:\/\/requiem.rs\/index.php\/wp-json\/wp\/v2\/media?parent=39"}],"curies":[{"name":"wp","href":"https:\/\/api.w.org\/{rel}","templated":true}]}}